{"id":9,"date":"2018-09-28T21:24:32","date_gmt":"2018-09-28T19:24:32","guid":{"rendered":"http:\/\/lesgardiensdelasgleizes.fr\/?page_id=9"},"modified":"2026-02-16T21:35:37","modified_gmt":"2026-02-16T20:35:37","slug":"contact","status":"publish","type":"page","link":"https:\/\/lesgardiensdelasgleizes.fr\/?page_id=9","title":{"rendered":"Adh\u00e9sion \/ Don"},"content":{"rendered":"<p>L&rsquo;adh\u00e9sion \u00e0 l&rsquo;association est de 15 euros.<\/p>\n<p>Elle couvre les frais g\u00e9n\u00e9raux (abonnements, assurances), les frais d&rsquo;op\u00e9rations d&rsquo;entretien.<\/p>\n<p>Elle permet l&rsquo;organisation des animations autours des spoulgas de Bouan.<\/p>\n<p>L&rsquo;association n&rsquo;est constitu\u00e9e que de b\u00e9n\u00e9voles.<\/p>\n<p>L&rsquo;association est reconnue d&rsquo;utilit\u00e9 publique, vous pourrez d\u00e9duire une partie de votre cotisation ou de vos dons de vos imp\u00f4ts sur le revenu.<\/p>\n<p>Suivez ce lien pour t\u00e9l\u00e9charger le bulletin d&rsquo;adh\u00e9sion pour l&rsquo;ann\u00e9e 2026 :\u00a0<a href=\"http:\/\/lesgardiensdelasgleizes.fr\/wp-content\/uploads\/2026\/02\/Bulletin-adhesion-2026-1.pdf\">Bulletin adh\u00e9sion 2026-1<\/a><\/p>\n<p>Vous pouvez aussi faire un<strong> don &#8211;<\/strong>en partie d\u00e9ductible- en suivant ce lien : <a href=\"https:\/\/www.helloasso.com\/associations\/les-gardiens-de-las-gleizes\/formulaires\/1\" target=\"_blank\" rel=\"noopener\">don pour l&rsquo;association des Gardiens sur le site Helloasso.<\/a><\/p>\n\n\n<p><\/p>\n","protected":false},"excerpt":{"rendered":"<p>L&rsquo;adh\u00e9sion \u00e0 l&rsquo;association est de 15 euros. Elle couvre les frais g\u00e9n\u00e9raux (abonnements, assurances), les frais d&rsquo;op\u00e9rations d&rsquo;entretien. Elle permet l&rsquo;organisation des animations autours des &hellip;<\/p>\n","protected":false},"author":1,"featured_media":588,"parent":0,"menu_order":0,"comment_status":"closed","ping_status":"closed","template":"","meta":{"footnotes":""},"class_list":["post-9","page","type-page","status-publish","has-post-thumbnail","hentry"],"yoast_head":"<!-- This site is optimized with the Yoast SEO plugin v17.2 - https:\/\/yoast.com\/wordpress\/plugins\/seo\/ -->\n<title>Adh\u00e9sion \/ Don - Les Gardiens de las Gleizes - Spoulgas de Bouan<\/title>\n<meta name=\"description\" content=\"Association d&#039;utilit\u00e9 publique. Pr\u00e9servation et animations des spoulgas de Bouan, Ari\u00e8ge, Occitanie, France. Adh\u00e9sion et don possibles\" \/>\n<meta name=\"robots\" content=\"index, follow, max-snippet:-1, max-image-preview:large, max-video-preview:-1\" \/>\n<link rel=\"canonical\" href=\"https:\/\/lesgardiensdelasgleizes.fr\/?page_id=9\" \/>\n<meta property=\"og:locale\" content=\"fr_FR\" \/>\n<meta property=\"og:type\" content=\"article\" \/>\n<meta property=\"og:title\" content=\"Adh\u00e9sion \/ Don - Les Gardiens de las Gleizes - Spoulgas de Bouan\" \/>\n<meta property=\"og:description\" content=\"Association d&#039;utilit\u00e9 publique. Pr\u00e9servation et animations des spoulgas de Bouan, Ari\u00e8ge, Occitanie, France. Adh\u00e9sion et don possibles\" \/>\n<meta property=\"og:url\" content=\"https:\/\/lesgardiensdelasgleizes.fr\/?page_id=9\" \/>\n<meta property=\"og:site_name\" content=\"Les Gardiens de las Gleizes - Spoulgas de Bouan\" \/>\n<meta property=\"article:modified_time\" content=\"2026-02-16T20:35:37+00:00\" \/>\n<meta property=\"og:image\" content=\"https:\/\/lesgardiensdelasgleizes.fr\/wp-content\/uploads\/2026\/02\/Bandeau-site-internet-v4.jpg\" \/>\n\t<meta property=\"og:image:width\" content=\"1500\" \/>\n\t<meta property=\"og:image:height\" content=\"750\" \/>\n<meta name=\"twitter:card\" content=\"summary_large_image\" \/>\n<meta name=\"twitter:label1\" content=\"Dur\u00e9e de lecture est.\" \/>\n\t<meta name=\"twitter:data1\" content=\"1 minute\" \/>\n<script type=\"application\/ld+json\" class=\"yoast-schema-graph\">{\"@context\":\"https:\/\/schema.org\",\"@graph\":[{\"@type\":\"WebSite\",\"@id\":\"https:\/\/lesgardiensdelasgleizes.fr\/#website\",\"url\":\"https:\/\/lesgardiensdelasgleizes.fr\/\",\"name\":\"Les Gardiens de las Gleizes - Spoulgas de Bouan\",\"description\":\"Association des Gardiens de las Gleizes - Spoulgas de Bouan - 09310 Bouan - Ari\\u00e8ge\",\"potentialAction\":[{\"@type\":\"SearchAction\",\"target\":{\"@type\":\"EntryPoint\",\"urlTemplate\":\"https:\/\/lesgardiensdelasgleizes.fr\/?s={search_term_string}\"},\"query-input\":\"required name=search_term_string\"}],\"inLanguage\":\"fr-FR\"},{\"@type\":\"ImageObject\",\"@id\":\"https:\/\/lesgardiensdelasgleizes.fr\/?page_id=9#primaryimage\",\"inLanguage\":\"fr-FR\",\"url\":\"https:\/\/lesgardiensdelasgleizes.fr\/wp-content\/uploads\/2026\/02\/Bandeau-site-internet-v4.jpg\",\"contentUrl\":\"https:\/\/lesgardiensdelasgleizes.fr\/wp-content\/uploads\/2026\/02\/Bandeau-site-internet-v4.jpg\",\"width\":1500,\"height\":750},{\"@type\":\"WebPage\",\"@id\":\"https:\/\/lesgardiensdelasgleizes.fr\/?page_id=9#webpage\",\"url\":\"https:\/\/lesgardiensdelasgleizes.fr\/?page_id=9\",\"name\":\"Adh\\u00e9sion \/ Don - Les Gardiens de las Gleizes - Spoulgas de Bouan\",\"isPartOf\":{\"@id\":\"https:\/\/lesgardiensdelasgleizes.fr\/#website\"},\"primaryImageOfPage\":{\"@id\":\"https:\/\/lesgardiensdelasgleizes.fr\/?page_id=9#primaryimage\"},\"datePublished\":\"2018-09-28T19:24:32+00:00\",\"dateModified\":\"2026-02-16T20:35:37+00:00\",\"description\":\"Association d'utilit\\u00e9 publique. Pr\\u00e9servation et animations des spoulgas de Bouan, Ari\\u00e8ge, Occitanie, France. Adh\\u00e9sion et don possibles\",\"breadcrumb\":{\"@id\":\"https:\/\/lesgardiensdelasgleizes.fr\/?page_id=9#breadcrumb\"},\"inLanguage\":\"fr-FR\",\"potentialAction\":[{\"@type\":\"ReadAction\",\"target\":[\"https:\/\/lesgardiensdelasgleizes.fr\/?page_id=9\"]}]},{\"@type\":\"BreadcrumbList\",\"@id\":\"https:\/\/lesgardiensdelasgleizes.fr\/?page_id=9#breadcrumb\",\"itemListElement\":[{\"@type\":\"ListItem\",\"position\":1,\"name\":\"Accueil\",\"item\":\"https:\/\/lesgardiensdelasgleizes.fr\/\"},{\"@type\":\"ListItem\",\"position\":2,\"name\":\"Adh\\u00e9sion \/ Don\"}]}]}<\/script>\n<!-- \/ Yoast SEO plugin. -->","yoast_head_json":{"title":"Adh\u00e9sion \/ Don - Les Gardiens de las Gleizes - Spoulgas de Bouan","description":"Association d'utilit\u00e9 publique. Pr\u00e9servation et animations des spoulgas de Bouan, Ari\u00e8ge, Occitanie, France. Adh\u00e9sion et don possibles","robots":{"index":"index","follow":"follow","max-snippet":"max-snippet:-1","max-image-preview":"max-image-preview:large","max-video-preview":"max-video-preview:-1"},"canonical":"https:\/\/lesgardiensdelasgleizes.fr\/?page_id=9","og_locale":"fr_FR","og_type":"article","og_title":"Adh\u00e9sion \/ Don - Les Gardiens de las Gleizes - Spoulgas de Bouan","og_description":"Association d'utilit\u00e9 publique. Pr\u00e9servation et animations des spoulgas de Bouan, Ari\u00e8ge, Occitanie, France. Adh\u00e9sion et don possibles","og_url":"https:\/\/lesgardiensdelasgleizes.fr\/?page_id=9","og_site_name":"Les Gardiens de las Gleizes - Spoulgas de Bouan","article_modified_time":"2026-02-16T20:35:37+00:00","og_image":[{"width":1500,"height":750,"filesize":176031,"url":"https:\/\/lesgardiensdelasgleizes.fr\/wp-content\/uploads\/2026\/02\/Bandeau-site-internet-v4.jpg","path":"\/home\/lesgardiiq\/www\/wp-content\/uploads\/2026\/02\/Bandeau-site-internet-v4.jpg","size":"full","id":588,"alt":"","pixels":1125000,"type":"image\/jpeg"}],"twitter_card":"summary_large_image","twitter_misc":{"Dur\u00e9e de lecture est.":"1 minute"},"schema":{"@context":"https:\/\/schema.org","@graph":[{"@type":"WebSite","@id":"https:\/\/lesgardiensdelasgleizes.fr\/#website","url":"https:\/\/lesgardiensdelasgleizes.fr\/","name":"Les Gardiens de las Gleizes - Spoulgas de Bouan","description":"Association des Gardiens de las Gleizes - Spoulgas de Bouan - 09310 Bouan - Ari\u00e8ge","potentialAction":[{"@type":"SearchAction","target":{"@type":"EntryPoint","urlTemplate":"https:\/\/lesgardiensdelasgleizes.fr\/?s={search_term_string}"},"query-input":"required name=search_term_string"}],"inLanguage":"fr-FR"},{"@type":"ImageObject","@id":"https:\/\/lesgardiensdelasgleizes.fr\/?page_id=9#primaryimage","inLanguage":"fr-FR","url":"https:\/\/lesgardiensdelasgleizes.fr\/wp-content\/uploads\/2026\/02\/Bandeau-site-internet-v4.jpg","contentUrl":"https:\/\/lesgardiensdelasgleizes.fr\/wp-content\/uploads\/2026\/02\/Bandeau-site-internet-v4.jpg","width":1500,"height":750},{"@type":"WebPage","@id":"https:\/\/lesgardiensdelasgleizes.fr\/?page_id=9#webpage","url":"https:\/\/lesgardiensdelasgleizes.fr\/?page_id=9","name":"Adh\u00e9sion \/ Don - Les Gardiens de las Gleizes - Spoulgas de Bouan","isPartOf":{"@id":"https:\/\/lesgardiensdelasgleizes.fr\/#website"},"primaryImageOfPage":{"@id":"https:\/\/lesgardiensdelasgleizes.fr\/?page_id=9#primaryimage"},"datePublished":"2018-09-28T19:24:32+00:00","dateModified":"2026-02-16T20:35:37+00:00","description":"Association d'utilit\u00e9 publique. Pr\u00e9servation et animations des spoulgas de Bouan, Ari\u00e8ge, Occitanie, France. Adh\u00e9sion et don possibles","breadcrumb":{"@id":"https:\/\/lesgardiensdelasgleizes.fr\/?page_id=9#breadcrumb"},"inLanguage":"fr-FR","potentialAction":[{"@type":"ReadAction","target":["https:\/\/lesgardiensdelasgleizes.fr\/?page_id=9"]}]},{"@type":"BreadcrumbList","@id":"https:\/\/lesgardiensdelasgleizes.fr\/?page_id=9#breadcrumb","itemListElement":[{"@type":"ListItem","position":1,"name":"Accueil","item":"https:\/\/lesgardiensdelasgleizes.fr\/"},{"@type":"ListItem","position":2,"name":"Adh\u00e9sion \/ Don"}]}]}},"_links":{"self":[{"href":"https:\/\/lesgardiensdelasgleizes.fr\/index.php?rest_route=\/wp\/v2\/pages\/9","targetHints":{"allow":["GET"]}}],"collection":[{"href":"https:\/\/lesgardiensdelasgleizes.fr\/index.php?rest_route=\/wp\/v2\/pages"}],"about":[{"href":"https:\/\/lesgardiensdelasgleizes.fr\/index.php?rest_route=\/wp\/v2\/types\/page"}],"author":[{"embeddable":true,"href":"https:\/\/lesgardiensdelasgleizes.fr\/index.php?rest_route=\/wp\/v2\/users\/1"}],"replies":[{"embeddable":true,"href":"https:\/\/lesgardiensdelasgleizes.fr\/index.php?rest_route=%2Fwp%2Fv2%2Fcomments&post=9"}],"version-history":[{"count":32,"href":"https:\/\/lesgardiensdelasgleizes.fr\/index.php?rest_route=\/wp\/v2\/pages\/9\/revisions"}],"predecessor-version":[{"id":582,"href":"https:\/\/lesgardiensdelasgleizes.fr\/index.php?rest_route=\/wp\/v2\/pages\/9\/revisions\/582"}],"wp:featuredmedia":[{"embeddable":true,"href":"https:\/\/lesgardiensdelasgleizes.fr\/index.php?rest_route=\/wp\/v2\/media\/588"}],"wp:attachment":[{"href":"https:\/\/lesgardiensdelasgleizes.fr\/index.php?rest_route=%2Fwp%2Fv2%2Fmedia&parent=9"}],"curies":[{"name":"wp","href":"https:\/\/api.w.org\/{rel}","templated":true}]}}