{"id":168,"date":"2020-04-12T10:32:20","date_gmt":"2020-04-12T08:32:20","guid":{"rendered":"http:\/\/lesgardiensdelasgleizes.fr\/?page_id=168"},"modified":"2026-02-16T21:38:26","modified_gmt":"2026-02-16T20:38:26","slug":"visite-virtuelle-360","status":"publish","type":"page","link":"https:\/\/lesgardiensdelasgleizes.fr\/?page_id=168","title":{"rendered":"Visite virtuelle 360\u00b0"},"content":{"rendered":"\nNous vous proposons de d\u00e9couvrir le site avec une visite Virtuelle \u00e0 360\u00b0.\nUtiliser les boutons et la molette de la souris pour vous d\u00e9placer dans les images et lever la t\u00eate car certains \u00e9l\u00e9ments sont en hauteur.\n\nBonne visite\n\nCavit\u00e9 partie Nord\n<figure><iframe loading=\"lazy\" height=\"595px\" width=\"1388px\" src=\"https:\/\/momento360.com\/e\/u\/1fa38c397dcd4584aeb72bc2de69787f?utm_campaign=embed&amp;utm_source=other&amp;utm_medium=other&amp;heading=0&amp;pitch=0&amp;field-of-view=75\"><\/iframe><\/figure>\n\nEn remontant le site vers la porte Sud. On distingue une muraille int\u00e9rieure\n<figure><iframe loading=\"lazy\" height=\"595px\" width=\"1388px\" src=\"https:\/\/momento360.com\/e\/u\/35dad3987b35415ea05717807bbcd4c1?utm_campaign=embed&amp;utm_source=other&amp;utm_medium=other&amp;heading=0&amp;pitch=0&amp;field-of-view=75\"><\/iframe><\/figure>\n\nEn levant les yeux on distingue un ancien logis\n<figure><iframe loading=\"lazy\" height=\"595px\" width=\"1388px\" src=\"https:\/\/momento360.com\/e\/u\/57665e6e1b954ce7a9f4d60b5f1c0e1f?utm_campaign=embed&amp;utm_source=other&amp;utm_medium=other&amp;heading=0&amp;pitch=0&amp;field-of-view=75\"><\/iframe>\n<\/figure>\n\nLa porte principale, cot\u00e9 Sud du site\n<figure>\n<iframe loading=\"lazy\" height=\"595px\" width=\"1388px\" src=\"https:\/\/momento360.com\/e\/u\/7bdd539139504e6c85bf57325efc12fd?utm_campaign=embed&amp;utm_source=other&amp;utm_medium=other&amp;heading=0&amp;pitch=0&amp;field-of-view=100\"><\/iframe><\/figure>\n\n\n\n<p><\/p>\n\n\n\n<p><\/p>\n","protected":false},"excerpt":{"rendered":"<p>Nous vous proposons de d\u00e9couvrir le site avec une visite Virtuelle \u00e0 360\u00b0. Utiliser les boutons et la molette de la souris pour vous d\u00e9placer &hellip;<\/p>\n","protected":false},"author":1,"featured_media":589,"parent":0,"menu_order":0,"comment_status":"closed","ping_status":"closed","template":"","meta":{"footnotes":""},"class_list":["post-168","page","type-page","status-publish","has-post-thumbnail","hentry"],"yoast_head":"<!-- This site is optimized with the Yoast SEO plugin v17.2 - https:\/\/yoast.com\/wordpress\/plugins\/seo\/ -->\n<title>Visite virtuelle 360\u00b0 - Les Gardiens de las Gleizes - Spoulgas de Bouan<\/title>\n<meta name=\"robots\" content=\"index, follow, max-snippet:-1, max-image-preview:large, max-video-preview:-1\" \/>\n<link rel=\"canonical\" href=\"https:\/\/lesgardiensdelasgleizes.fr\/?page_id=168\" \/>\n<meta property=\"og:locale\" content=\"fr_FR\" \/>\n<meta property=\"og:type\" content=\"article\" \/>\n<meta property=\"og:title\" content=\"Visite virtuelle 360\u00b0 - Les Gardiens de las Gleizes - Spoulgas de Bouan\" \/>\n<meta property=\"og:description\" content=\"Nous vous proposons de d\u00e9couvrir le site avec une visite Virtuelle \u00e0 360\u00b0. Utiliser les boutons et la molette de la souris pour vous d\u00e9placer &hellip;\" \/>\n<meta property=\"og:url\" content=\"https:\/\/lesgardiensdelasgleizes.fr\/?page_id=168\" \/>\n<meta property=\"og:site_name\" content=\"Les Gardiens de las Gleizes - Spoulgas de Bouan\" \/>\n<meta property=\"article:modified_time\" content=\"2026-02-16T20:38:26+00:00\" \/>\n<meta property=\"og:image\" content=\"https:\/\/lesgardiensdelasgleizes.fr\/wp-content\/uploads\/2026\/02\/DJI_0212-scaled.jpg\" \/>\n\t<meta property=\"og:image:width\" content=\"2560\" \/>\n\t<meta property=\"og:image:height\" content=\"1440\" \/>\n<meta name=\"twitter:card\" content=\"summary_large_image\" \/>\n<script type=\"application\/ld+json\" class=\"yoast-schema-graph\">{\"@context\":\"https:\/\/schema.org\",\"@graph\":[{\"@type\":\"WebSite\",\"@id\":\"https:\/\/lesgardiensdelasgleizes.fr\/#website\",\"url\":\"https:\/\/lesgardiensdelasgleizes.fr\/\",\"name\":\"Les Gardiens de las Gleizes - Spoulgas de Bouan\",\"description\":\"Association des Gardiens de las Gleizes - Spoulgas de Bouan - 09310 Bouan - Ari\\u00e8ge\",\"potentialAction\":[{\"@type\":\"SearchAction\",\"target\":{\"@type\":\"EntryPoint\",\"urlTemplate\":\"https:\/\/lesgardiensdelasgleizes.fr\/?s={search_term_string}\"},\"query-input\":\"required name=search_term_string\"}],\"inLanguage\":\"fr-FR\"},{\"@type\":\"ImageObject\",\"@id\":\"https:\/\/lesgardiensdelasgleizes.fr\/?page_id=168#primaryimage\",\"inLanguage\":\"fr-FR\",\"url\":\"https:\/\/lesgardiensdelasgleizes.fr\/wp-content\/uploads\/2026\/02\/DJI_0212-scaled.jpg\",\"contentUrl\":\"https:\/\/lesgardiensdelasgleizes.fr\/wp-content\/uploads\/2026\/02\/DJI_0212-scaled.jpg\",\"width\":2560,\"height\":1440,\"caption\":\"default\"},{\"@type\":\"WebPage\",\"@id\":\"https:\/\/lesgardiensdelasgleizes.fr\/?page_id=168#webpage\",\"url\":\"https:\/\/lesgardiensdelasgleizes.fr\/?page_id=168\",\"name\":\"Visite virtuelle 360\\u00b0 - Les Gardiens de las Gleizes - Spoulgas de Bouan\",\"isPartOf\":{\"@id\":\"https:\/\/lesgardiensdelasgleizes.fr\/#website\"},\"primaryImageOfPage\":{\"@id\":\"https:\/\/lesgardiensdelasgleizes.fr\/?page_id=168#primaryimage\"},\"datePublished\":\"2020-04-12T08:32:20+00:00\",\"dateModified\":\"2026-02-16T20:38:26+00:00\",\"breadcrumb\":{\"@id\":\"https:\/\/lesgardiensdelasgleizes.fr\/?page_id=168#breadcrumb\"},\"inLanguage\":\"fr-FR\",\"potentialAction\":[{\"@type\":\"ReadAction\",\"target\":[\"https:\/\/lesgardiensdelasgleizes.fr\/?page_id=168\"]}]},{\"@type\":\"BreadcrumbList\",\"@id\":\"https:\/\/lesgardiensdelasgleizes.fr\/?page_id=168#breadcrumb\",\"itemListElement\":[{\"@type\":\"ListItem\",\"position\":1,\"name\":\"Accueil\",\"item\":\"https:\/\/lesgardiensdelasgleizes.fr\/\"},{\"@type\":\"ListItem\",\"position\":2,\"name\":\"Visite virtuelle 360\\u00b0\"}]}]}<\/script>\n<!-- \/ Yoast SEO plugin. -->","yoast_head_json":{"title":"Visite virtuelle 360\u00b0 - Les Gardiens de las Gleizes - Spoulgas de Bouan","robots":{"index":"index","follow":"follow","max-snippet":"max-snippet:-1","max-image-preview":"max-image-preview:large","max-video-preview":"max-video-preview:-1"},"canonical":"https:\/\/lesgardiensdelasgleizes.fr\/?page_id=168","og_locale":"fr_FR","og_type":"article","og_title":"Visite virtuelle 360\u00b0 - Les Gardiens de las Gleizes - Spoulgas de Bouan","og_description":"Nous vous proposons de d\u00e9couvrir le site avec une visite Virtuelle \u00e0 360\u00b0. Utiliser les boutons et la molette de la souris pour vous d\u00e9placer &hellip;","og_url":"https:\/\/lesgardiensdelasgleizes.fr\/?page_id=168","og_site_name":"Les Gardiens de las Gleizes - Spoulgas de Bouan","article_modified_time":"2026-02-16T20:38:26+00:00","og_image":[{"width":2560,"height":1440,"filesize":872739,"url":"https:\/\/lesgardiensdelasgleizes.fr\/wp-content\/uploads\/2026\/02\/DJI_0212-scaled.jpg","path":"\/home\/lesgardiiq\/www\/wp-content\/uploads\/2026\/02\/DJI_0212-scaled.jpg","size":"full","id":589,"alt":"","pixels":3686400,"type":"image\/jpeg"}],"twitter_card":"summary_large_image","schema":{"@context":"https:\/\/schema.org","@graph":[{"@type":"WebSite","@id":"https:\/\/lesgardiensdelasgleizes.fr\/#website","url":"https:\/\/lesgardiensdelasgleizes.fr\/","name":"Les Gardiens de las Gleizes - Spoulgas de Bouan","description":"Association des Gardiens de las Gleizes - Spoulgas de Bouan - 09310 Bouan - Ari\u00e8ge","potentialAction":[{"@type":"SearchAction","target":{"@type":"EntryPoint","urlTemplate":"https:\/\/lesgardiensdelasgleizes.fr\/?s={search_term_string}"},"query-input":"required name=search_term_string"}],"inLanguage":"fr-FR"},{"@type":"ImageObject","@id":"https:\/\/lesgardiensdelasgleizes.fr\/?page_id=168#primaryimage","inLanguage":"fr-FR","url":"https:\/\/lesgardiensdelasgleizes.fr\/wp-content\/uploads\/2026\/02\/DJI_0212-scaled.jpg","contentUrl":"https:\/\/lesgardiensdelasgleizes.fr\/wp-content\/uploads\/2026\/02\/DJI_0212-scaled.jpg","width":2560,"height":1440,"caption":"default"},{"@type":"WebPage","@id":"https:\/\/lesgardiensdelasgleizes.fr\/?page_id=168#webpage","url":"https:\/\/lesgardiensdelasgleizes.fr\/?page_id=168","name":"Visite virtuelle 360\u00b0 - Les Gardiens de las Gleizes - Spoulgas de Bouan","isPartOf":{"@id":"https:\/\/lesgardiensdelasgleizes.fr\/#website"},"primaryImageOfPage":{"@id":"https:\/\/lesgardiensdelasgleizes.fr\/?page_id=168#primaryimage"},"datePublished":"2020-04-12T08:32:20+00:00","dateModified":"2026-02-16T20:38:26+00:00","breadcrumb":{"@id":"https:\/\/lesgardiensdelasgleizes.fr\/?page_id=168#breadcrumb"},"inLanguage":"fr-FR","potentialAction":[{"@type":"ReadAction","target":["https:\/\/lesgardiensdelasgleizes.fr\/?page_id=168"]}]},{"@type":"BreadcrumbList","@id":"https:\/\/lesgardiensdelasgleizes.fr\/?page_id=168#breadcrumb","itemListElement":[{"@type":"ListItem","position":1,"name":"Accueil","item":"https:\/\/lesgardiensdelasgleizes.fr\/"},{"@type":"ListItem","position":2,"name":"Visite virtuelle 360\u00b0"}]}]}},"_links":{"self":[{"href":"https:\/\/lesgardiensdelasgleizes.fr\/index.php?rest_route=\/wp\/v2\/pages\/168","targetHints":{"allow":["GET"]}}],"collection":[{"href":"https:\/\/lesgardiensdelasgleizes.fr\/index.php?rest_route=\/wp\/v2\/pages"}],"about":[{"href":"https:\/\/lesgardiensdelasgleizes.fr\/index.php?rest_route=\/wp\/v2\/types\/page"}],"author":[{"embeddable":true,"href":"https:\/\/lesgardiensdelasgleizes.fr\/index.php?rest_route=\/wp\/v2\/users\/1"}],"replies":[{"embeddable":true,"href":"https:\/\/lesgardiensdelasgleizes.fr\/index.php?rest_route=%2Fwp%2Fv2%2Fcomments&post=168"}],"version-history":[{"count":11,"href":"https:\/\/lesgardiensdelasgleizes.fr\/index.php?rest_route=\/wp\/v2\/pages\/168\/revisions"}],"predecessor-version":[{"id":195,"href":"https:\/\/lesgardiensdelasgleizes.fr\/index.php?rest_route=\/wp\/v2\/pages\/168\/revisions\/195"}],"wp:featuredmedia":[{"embeddable":true,"href":"https:\/\/lesgardiensdelasgleizes.fr\/index.php?rest_route=\/wp\/v2\/media\/589"}],"wp:attachment":[{"href":"https:\/\/lesgardiensdelasgleizes.fr\/index.php?rest_route=%2Fwp%2Fv2%2Fmedia&parent=168"}],"curies":[{"name":"wp","href":"https:\/\/api.w.org\/{rel}","templated":true}]}}