{"id":10,"date":"2018-09-28T21:24:32","date_gmt":"2018-09-28T19:24:32","guid":{"rendered":"http:\/\/lesgardiensdelasgleizes.fr\/?page_id=10"},"modified":"2021-09-25T09:41:08","modified_gmt":"2021-09-25T07:41:08","slug":"blog","status":"publish","type":"page","link":"https:\/\/lesgardiensdelasgleizes.fr\/?page_id=10","title":{"rendered":"Blog"},"content":{"rendered":"","protected":false},"excerpt":{"rendered":"","protected":false},"author":1,"featured_media":88,"parent":0,"menu_order":0,"comment_status":"closed","ping_status":"closed","template":"","meta":{"footnotes":""},"class_list":["post-10","page","type-page","status-publish","has-post-thumbnail","hentry"],"yoast_head":"<!-- This site is optimized with the Yoast SEO plugin v17.2 - https:\/\/yoast.com\/wordpress\/plugins\/seo\/ -->\n<title>Blog - Les Gardiens de las Gleizes - Spoulgas de Bouan<\/title>\n<meta name=\"description\" content=\"Retrouver sur notre blog les derni\u00e8res actualit\u00e9s en relation avec les Spoulgas de Bouan, Ari\u00e8ge, Occitanie, France\" \/>\n<meta name=\"robots\" content=\"index, follow, max-snippet:-1, max-image-preview:large, max-video-preview:-1\" \/>\n<link rel=\"canonical\" href=\"https:\/\/lesgardiensdelasgleizes.fr\/?page_id=10\" \/>\n<meta property=\"og:locale\" content=\"fr_FR\" \/>\n<meta property=\"og:type\" content=\"article\" \/>\n<meta property=\"og:title\" content=\"Blog - Les Gardiens de las Gleizes - Spoulgas de Bouan\" \/>\n<meta property=\"og:description\" content=\"Retrouver sur notre blog les derni\u00e8res actualit\u00e9s en relation avec les Spoulgas de Bouan, Ari\u00e8ge, Occitanie, France\" \/>\n<meta property=\"og:url\" content=\"https:\/\/lesgardiensdelasgleizes.fr\/?page_id=10\" \/>\n<meta property=\"og:site_name\" content=\"Les Gardiens de las Gleizes - Spoulgas de Bouan\" \/>\n<meta property=\"article:modified_time\" content=\"2021-09-25T07:41:08+00:00\" \/>\n<meta property=\"og:image\" content=\"https:\/\/lesgardiensdelasgleizes.fr\/wp-content\/uploads\/2018\/09\/33117483_168337887354727_6293136405954560_o-e1538292475803.jpg\" \/>\n\t<meta property=\"og:image:width\" content=\"1651\" \/>\n\t<meta property=\"og:image:height\" content=\"872\" \/>\n<meta name=\"twitter:card\" content=\"summary_large_image\" \/>\n<script type=\"application\/ld+json\" class=\"yoast-schema-graph\">{\"@context\":\"https:\/\/schema.org\",\"@graph\":[{\"@type\":\"WebSite\",\"@id\":\"https:\/\/lesgardiensdelasgleizes.fr\/#website\",\"url\":\"https:\/\/lesgardiensdelasgleizes.fr\/\",\"name\":\"Les Gardiens de las Gleizes - Spoulgas de Bouan\",\"description\":\"Association des Gardiens de las Gleizes - Spoulgas de Bouan - 09310 Bouan - Ari\\u00e8ge\",\"potentialAction\":[{\"@type\":\"SearchAction\",\"target\":{\"@type\":\"EntryPoint\",\"urlTemplate\":\"https:\/\/lesgardiensdelasgleizes.fr\/?s={search_term_string}\"},\"query-input\":\"required name=search_term_string\"}],\"inLanguage\":\"fr-FR\"},{\"@type\":\"ImageObject\",\"@id\":\"https:\/\/lesgardiensdelasgleizes.fr\/?page_id=10#primaryimage\",\"inLanguage\":\"fr-FR\",\"url\":\"https:\/\/lesgardiensdelasgleizes.fr\/wp-content\/uploads\/2018\/09\/33117483_168337887354727_6293136405954560_o-e1538292475803.jpg\",\"contentUrl\":\"https:\/\/lesgardiensdelasgleizes.fr\/wp-content\/uploads\/2018\/09\/33117483_168337887354727_6293136405954560_o-e1538292475803.jpg\",\"width\":1651,\"height\":872},{\"@type\":[\"WebPage\",\"CollectionPage\"],\"@id\":\"https:\/\/lesgardiensdelasgleizes.fr\/?page_id=10#webpage\",\"url\":\"https:\/\/lesgardiensdelasgleizes.fr\/?page_id=10\",\"name\":\"Blog - Les Gardiens de las Gleizes - Spoulgas de Bouan\",\"isPartOf\":{\"@id\":\"https:\/\/lesgardiensdelasgleizes.fr\/#website\"},\"primaryImageOfPage\":{\"@id\":\"https:\/\/lesgardiensdelasgleizes.fr\/?page_id=10#primaryimage\"},\"datePublished\":\"2018-09-28T19:24:32+00:00\",\"dateModified\":\"2021-09-25T07:41:08+00:00\",\"description\":\"Retrouver sur notre blog les derni\\u00e8res actualit\\u00e9s en relation avec les Spoulgas de Bouan, Ari\\u00e8ge, Occitanie, France\",\"breadcrumb\":{\"@id\":\"https:\/\/lesgardiensdelasgleizes.fr\/?page_id=10#breadcrumb\"},\"inLanguage\":\"fr-FR\",\"potentialAction\":[{\"@type\":\"ReadAction\",\"target\":[\"https:\/\/lesgardiensdelasgleizes.fr\/?page_id=10\"]}]},{\"@type\":\"BreadcrumbList\",\"@id\":\"https:\/\/lesgardiensdelasgleizes.fr\/?page_id=10#breadcrumb\",\"itemListElement\":[{\"@type\":\"ListItem\",\"position\":1,\"name\":\"Accueil\",\"item\":\"https:\/\/lesgardiensdelasgleizes.fr\/\"},{\"@type\":\"ListItem\",\"position\":2,\"name\":\"Blog\"}]}]}<\/script>\n<!-- \/ Yoast SEO plugin. -->","yoast_head_json":{"title":"Blog - Les Gardiens de las Gleizes - Spoulgas de Bouan","description":"Retrouver sur notre blog les derni\u00e8res actualit\u00e9s en relation avec les Spoulgas de Bouan, Ari\u00e8ge, Occitanie, France","robots":{"index":"index","follow":"follow","max-snippet":"max-snippet:-1","max-image-preview":"max-image-preview:large","max-video-preview":"max-video-preview:-1"},"canonical":"https:\/\/lesgardiensdelasgleizes.fr\/?page_id=10","og_locale":"fr_FR","og_type":"article","og_title":"Blog - Les Gardiens de las Gleizes - Spoulgas de Bouan","og_description":"Retrouver sur notre blog les derni\u00e8res actualit\u00e9s en relation avec les Spoulgas de Bouan, Ari\u00e8ge, Occitanie, France","og_url":"https:\/\/lesgardiensdelasgleizes.fr\/?page_id=10","og_site_name":"Les Gardiens de las Gleizes - Spoulgas de Bouan","article_modified_time":"2021-09-25T07:41:08+00:00","og_image":[{"width":1651,"height":872,"url":"https:\/\/lesgardiensdelasgleizes.fr\/wp-content\/uploads\/2018\/09\/33117483_168337887354727_6293136405954560_o-e1538292475803.jpg","path":"\/home\/lesgardiiq\/www\/wp-content\/uploads\/2018\/09\/33117483_168337887354727_6293136405954560_o-e1538292475803.jpg","size":"full","id":88,"alt":"","pixels":1439672,"type":"image\/jpeg"}],"twitter_card":"summary_large_image","schema":{"@context":"https:\/\/schema.org","@graph":[{"@type":"WebSite","@id":"https:\/\/lesgardiensdelasgleizes.fr\/#website","url":"https:\/\/lesgardiensdelasgleizes.fr\/","name":"Les Gardiens de las Gleizes - Spoulgas de Bouan","description":"Association des Gardiens de las Gleizes - Spoulgas de Bouan - 09310 Bouan - Ari\u00e8ge","potentialAction":[{"@type":"SearchAction","target":{"@type":"EntryPoint","urlTemplate":"https:\/\/lesgardiensdelasgleizes.fr\/?s={search_term_string}"},"query-input":"required name=search_term_string"}],"inLanguage":"fr-FR"},{"@type":"ImageObject","@id":"https:\/\/lesgardiensdelasgleizes.fr\/?page_id=10#primaryimage","inLanguage":"fr-FR","url":"https:\/\/lesgardiensdelasgleizes.fr\/wp-content\/uploads\/2018\/09\/33117483_168337887354727_6293136405954560_o-e1538292475803.jpg","contentUrl":"https:\/\/lesgardiensdelasgleizes.fr\/wp-content\/uploads\/2018\/09\/33117483_168337887354727_6293136405954560_o-e1538292475803.jpg","width":1651,"height":872},{"@type":["WebPage","CollectionPage"],"@id":"https:\/\/lesgardiensdelasgleizes.fr\/?page_id=10#webpage","url":"https:\/\/lesgardiensdelasgleizes.fr\/?page_id=10","name":"Blog - Les Gardiens de las Gleizes - Spoulgas de Bouan","isPartOf":{"@id":"https:\/\/lesgardiensdelasgleizes.fr\/#website"},"primaryImageOfPage":{"@id":"https:\/\/lesgardiensdelasgleizes.fr\/?page_id=10#primaryimage"},"datePublished":"2018-09-28T19:24:32+00:00","dateModified":"2021-09-25T07:41:08+00:00","description":"Retrouver sur notre blog les derni\u00e8res actualit\u00e9s en relation avec les Spoulgas de Bouan, Ari\u00e8ge, Occitanie, France","breadcrumb":{"@id":"https:\/\/lesgardiensdelasgleizes.fr\/?page_id=10#breadcrumb"},"inLanguage":"fr-FR","potentialAction":[{"@type":"ReadAction","target":["https:\/\/lesgardiensdelasgleizes.fr\/?page_id=10"]}]},{"@type":"BreadcrumbList","@id":"https:\/\/lesgardiensdelasgleizes.fr\/?page_id=10#breadcrumb","itemListElement":[{"@type":"ListItem","position":1,"name":"Accueil","item":"https:\/\/lesgardiensdelasgleizes.fr\/"},{"@type":"ListItem","position":2,"name":"Blog"}]}]}},"_links":{"self":[{"href":"https:\/\/lesgardiensdelasgleizes.fr\/index.php?rest_route=\/wp\/v2\/pages\/10","targetHints":{"allow":["GET"]}}],"collection":[{"href":"https:\/\/lesgardiensdelasgleizes.fr\/index.php?rest_route=\/wp\/v2\/pages"}],"about":[{"href":"https:\/\/lesgardiensdelasgleizes.fr\/index.php?rest_route=\/wp\/v2\/types\/page"}],"author":[{"embeddable":true,"href":"https:\/\/lesgardiensdelasgleizes.fr\/index.php?rest_route=\/wp\/v2\/users\/1"}],"replies":[{"embeddable":true,"href":"https:\/\/lesgardiensdelasgleizes.fr\/index.php?rest_route=%2Fwp%2Fv2%2Fcomments&post=10"}],"version-history":[{"count":1,"href":"https:\/\/lesgardiensdelasgleizes.fr\/index.php?rest_route=\/wp\/v2\/pages\/10\/revisions"}],"predecessor-version":[{"id":16,"href":"https:\/\/lesgardiensdelasgleizes.fr\/index.php?rest_route=\/wp\/v2\/pages\/10\/revisions\/16"}],"wp:featuredmedia":[{"embeddable":true,"href":"https:\/\/lesgardiensdelasgleizes.fr\/index.php?rest_route=\/wp\/v2\/media\/88"}],"wp:attachment":[{"href":"https:\/\/lesgardiensdelasgleizes.fr\/index.php?rest_route=%2Fwp%2Fv2%2Fmedia&parent=10"}],"curies":[{"name":"wp","href":"https:\/\/api.w.org\/{rel}","templated":true}]}}